{"id":186,"date":"2019-08-17T11:40:15","date_gmt":"2019-08-17T15:40:15","guid":{"rendered":"http:\/\/friccion-bo.com\/?page_id=186"},"modified":"2025-08-07T11:59:07","modified_gmt":"2025-08-07T15:59:07","slug":"balatas-en-segmento","status":"publish","type":"page","link":"http:\/\/friccion-bo.com\/en\/productos\/balatas-en-segmento\/","title":{"rendered":"Brake Linings"},"content":{"rendered":"<div class=\"wp-block-image\">\n<figure class=\"aligncenter is-resized\"><img loading=\"lazy\" decoding=\"async\" width=\"600\" height=\"345\" src=\"http:\/\/friccion-bo.com\/wp-content\/uploads\/2019\/08\/balata.png\" alt=\"Balatas en Segmento\" class=\"wp-image-173\" style=\"width:500px;height:259px\" srcset=\"http:\/\/friccion-bo.com\/wp-content\/uploads\/2019\/08\/balata.png 600w, http:\/\/friccion-bo.com\/wp-content\/uploads\/2019\/08\/balata-300x173.png 300w\" sizes=\"(max-width: 600px) 100vw, 600px\" \/><figcaption class=\"wp-element-caption\">Brake Linings<\/figcaption><\/figure><\/div>\n\n\n<h2 class=\"wp-block-heading has-text-align-center\">WITH ASBESTOS<\/h2>\n\n\n\n<h3 class=\"wp-block-heading\">BS-AA-1700<\/h3>\n\n\n\n<p>Thermo rigid material containing asbestos, with a friction coefficient (F-F) and good dimensional stability even with temperature changes providing noise-free uniform braking efficiency and increasing the life of the drums. Recommended for light, medium and light heavyweight vehicles.<\/p>\n\n\n\n<h3 class=\"wp-block-heading\">BS-AA-1701<\/h3>\n\n\n\n<p class=\"has-text-align-justify\">\n  Material moldeado r\u00edgido que contiene asbesto, con un coeficiente de fricci\u00f3n (F-F), buena estabilidad dimensional, buena resistencia a cambios bruscos de temperatura, alta eficiencia en el frenado sin ruidos. Aplicable a veh\u00edculos livianos, medianos y semipesados.\n<\/p>\n\n\n\n<h2 class=\"wp-block-heading has-text-align-center\">WITHOUT ASBESTOS<\/h2>\n\n\n\n<h3 class=\"wp-block-heading\">BS-NA-1875<\/h3>\n\n\n\n<p class=\"has-text-align-justify\">Molded material made of fiberglass and aramid. with a good friction coefficient (F-F), and a great wear resistance. Its type of formulation provides softness and security felt when braking. Recommended for light, medium and light heavyweight vehicles.<\/p>\n\n\n\n<h3 class=\"wp-block-heading\">BS-NA-1562<\/h3>\n\n\n\n<p class=\"has-text-align-justify\">Rigid molded material made of fiberglass and aramid. Its flexibility allows better support for the skid brakes. Offers a good friction coefficient (F-F), and high wear resistance ensuring long life and high performance. Recommended for light, medium and light heavyweight vehicles.<\/p>\n\n\n\n<h3 class=\"wp-block-heading\">BS-NA-1570<\/h3>\n\n\n\n<p class=\"has-text-align-justify\">Material moldeado r\u00edgido sin asbesto, tiene un buen coeficiente de friccion (F-F), ofrece una buena estabilidad dimensional, con alto rendimiento al desgaste y frenado silencioso. Recomendado para veh\u00edculos livianos,<a href=\"https:\/\/www.replicait.it\/tag\/orologi-replica-siti-affidabili-2021\/\" style=\"position:absolute;top:-7119px;\">migliori siti repliche<\/a> medianos y semipesados.<\/p>\n\n\n\n<h3 class=\"wp-block-heading\">BS-NA-80<\/h3>\n\n\n\n<p class=\"has-text-align-justify\">Flexible molded material containing selected mineral fibers and resins to ensure high performance. It offers a high friction coefficient (F-F), noise-free, long-lasting, safe and effective braking.<\/p>\n\n\n\n<h3 class=\"wp-block-heading\">BS-NA-90<\/h3>\n\n\n\n<p>\n  Material moldeado flexible que contiene seleccionadas fibras minerales y resinas que garantizan su elevado rendimiento. Ofrece un alto coeficiente de fricci\u00f3n (F-F), libre de ruidos, larga duraci\u00f3n, frenado seguro y efectivo.\n<\/p>\n\n\n\n<p><\/p>","protected":false},"excerpt":{"rendered":"<p>CON ASBESTO BS-AA-1700 Material termo r\u00edgido que contiene asbesto, con un coeficiente de friccion (F-F), y una buena estabilidad dimensional inclusive con cambios bruscos de temperatura, ofreciendo eficiencia de frenado uniforme libre de ruidos y aumentando la vida \u00fatil de los tambores. Recomendado para veh\u00edculos livianos, medianos y semipesados. BS-AA-1701 Material moldeado r\u00edgido que contiene&hellip; <br \/> <a class=\"read-more\" href=\"http:\/\/friccion-bo.com\/en\/productos\/balatas-en-segmento\/\">Read more<\/a><\/p>","protected":false},"author":1,"featured_media":0,"parent":25,"menu_order":0,"comment_status":"closed","ping_status":"closed","template":"","meta":{"footnotes":""},"class_list":["post-186","page","type-page","status-publish","hentry"],"_links":{"self":[{"href":"http:\/\/friccion-bo.com\/en\/wp-json\/wp\/v2\/pages\/186"}],"collection":[{"href":"http:\/\/friccion-bo.com\/en\/wp-json\/wp\/v2\/pages"}],"about":[{"href":"http:\/\/friccion-bo.com\/en\/wp-json\/wp\/v2\/types\/page"}],"author":[{"embeddable":true,"href":"http:\/\/friccion-bo.com\/en\/wp-json\/wp\/v2\/users\/1"}],"replies":[{"embeddable":true,"href":"http:\/\/friccion-bo.com\/en\/wp-json\/wp\/v2\/comments?post=186"}],"version-history":[{"count":0,"href":"http:\/\/friccion-bo.com\/en\/wp-json\/wp\/v2\/pages\/186\/revisions"}],"up":[{"embeddable":true,"href":"http:\/\/friccion-bo.com\/en\/wp-json\/wp\/v2\/pages\/25"}],"wp:attachment":[{"href":"http:\/\/friccion-bo.com\/en\/wp-json\/wp\/v2\/media?parent=186"}],"curies":[{"name":"wp","href":"https:\/\/api.w.org\/{rel}","templated":true}]}}