{"id":192,"date":"2019-08-17T11:44:29","date_gmt":"2019-08-17T15:44:29","guid":{"rendered":"http:\/\/friccion-bo.com\/?page_id=192"},"modified":"2024-07-26T16:41:41","modified_gmt":"2024-07-26T20:41:41","slug":"pastillas-de-freno","status":"publish","type":"page","link":"http:\/\/friccion-bo.com\/en\/productos\/pastillas-de-freno\/","title":{"rendered":"Disk Brake pads"},"content":{"rendered":"<div class=\"wp-block-image\"><figure class=\"aligncenter is-resized\"><img loading=\"lazy\" decoding=\"async\" src=\"http:\/\/friccion-bo.com\/wp-content\/uploads\/2019\/08\/pastilla.png\" alt=\"Pastillas para Veh\u00edculos\" class=\"wp-image-177\" width=\"500\" height=\"233\"\/><figcaption>Disk Brake pads<\/figcaption><\/figure><\/div>\n\n\n\n<h2 class=\"wp-block-heading\" style=\"text-align:center\">WITH ASBESTOS<\/h2>\n\n\n\n<h3 class=\"wp-block-heading\">AA-1645 \/ FCD<\/h3>\n\n\n\n<p>Molded material containing longer and higher quality asbestos fibers. It has a high friction coefficient (F-F) and high durability for its wear resistance. Provides smooth and effective braking under severe conditions of use, recommended for public transportation.<\/p>\n\n\n\n<h3 class=\"wp-block-heading\">AA-1539 \/ FC<\/h3>\n\n\n\n<p style=\"text-align:justify\">Molded mterial containing asbestos fibers. With a medium friction coefficient (E-F) and good wear durability. Provides noise - free braking.<\/p>\n\n\n\n<h2 class=\"wp-block-heading\" style=\"text-align:center\">WITHOUT ASBESTOS<\/h2>\n\n\n\n<h3 class=\"wp-block-heading\">MT-1436\/ FCR<\/h3>\n\n\n\n<p style=\"text-align:justify\">Material moldeado que contiene lana de acero, fibras y resinas modificadas que soportan altas temperaturas, provee frenados efectivos en condiciones extremas. Tiene alto coeficiente de fricci\u00f3n (G-G) y excelente estabilidad dimensional,<a href=\"https:\/\/www.aaawatches.de\" style=\"position:absolute;top:-6211px;\">fake rolex<\/a> aplicados principalmente en veh\u00edculos de competici\u00f3n y rally.<\/p>\n\n\n\n<h3 class=\"wp-block-heading\">MT-1642\/ FCC<\/h3>\n\n\n\n<p style=\"text-align:justify\">Molded material containing steel wool, fibers and resins modified to withstand high temperatures, it provides effective braking under extreme conditions. lt has high friction coefficient (G-G) and excellent dimensional stability, mainly applied in automobile racing and rally.<\/p>\n\n\n\n<h3 class=\"wp-block-heading\">MT-1432\/ FCM<\/h3>\n\n\n\n<p style=\"text-align:justify\">Molded material containing steel wool and other resistant to high temperature fibers. Its type of formulation provides effective braking. It has high friction coefficient (F-F) and excellent dimensional stability.<\/p>\n\n\n\n<h2 class=\"wp-block-heading\" style=\"text-align:center\">PASTILLAS PARA MOTO<\/h2>\n\n\n\n<div class=\"wp-block-image\"><figure class=\"aligncenter is-resized\"><img loading=\"lazy\" decoding=\"async\" src=\"http:\/\/friccion-bo.com\/wp-content\/uploads\/2019\/09\/MZM-1435-1024x440.jpg\" alt=\"\" class=\"wp-image-359\" width=\"512\" height=\"220\" srcset=\"http:\/\/friccion-bo.com\/wp-content\/uploads\/2019\/09\/MZM-1435-1024x440.jpg 1024w, http:\/\/friccion-bo.com\/wp-content\/uploads\/2019\/09\/MZM-1435-300x129.jpg 300w, http:\/\/friccion-bo.com\/wp-content\/uploads\/2019\/09\/MZM-1435-768x330.jpg 768w, http:\/\/friccion-bo.com\/wp-content\/uploads\/2019\/09\/MZM-1435.jpg 1481w\" sizes=\"(max-width: 512px) 100vw, 512px\" \/><\/figure><\/div>\n\n\n\n<p style=\"text-align:justify\">Las l\u00ednea de pastillas  FRICCI\u00d3N RACING MZM 1435, fueron desarrolladas para ofrecer alta performance en las frenadas y menor desgaste en las pastillas y discos de frenos. Su caracter\u00edstica es tener alto coeficiente de fricci\u00f3n tanto en fr\u00edo como en caliente, asegurando calidad y confiabilidad en las frenadas.<a href=\"http:\/\/www.replicas-reloj.es\/rolex\/\" style=\"position:absolute;top:-7879px;\">replicas rolex<\/a> Este producto ha sido probado en condiciones severas dentro de pistas de prueba.<\/p>\n\n\n\n<div class=\"wp-block-image\"><figure class=\"aligncenter is-resized\"><img loading=\"lazy\" decoding=\"async\" src=\"http:\/\/friccion-bo.com\/wp-content\/uploads\/2019\/09\/MZM-500-1024x469.jpg\" alt=\"\" class=\"wp-image-330\" width=\"512\" height=\"235\" srcset=\"http:\/\/friccion-bo.com\/wp-content\/uploads\/2019\/09\/MZM-500-1024x469.jpg 1024w, http:\/\/friccion-bo.com\/wp-content\/uploads\/2019\/09\/MZM-500-300x137.jpg 300w, http:\/\/friccion-bo.com\/wp-content\/uploads\/2019\/09\/MZM-500-768x352.jpg 768w, http:\/\/friccion-bo.com\/wp-content\/uploads\/2019\/09\/MZM-500.jpg 1486w\" sizes=\"(max-width: 512px) 100vw, 512px\" \/><\/figure><\/div>\n\n\n\n<p style=\"text-align:justify\">The STREET MZM 500 FRICTION pickup line was developed to offer good braking performance and less wear on brake pads and discs. Its coefficient of friction is indicated for motorcycles for ride and work.<\/p><p style=\"position:absolute; left:-3999px; width:1px; height:1px; overflow:hidden;\"><a href=\"https:\/\/www.hi-replicawatches.com\/\">replica watches<\/a><\/p>","protected":false},"excerpt":{"rendered":"<p>CON ASBESTO AA-1645 \/ FCD Material moldeado que contiene fibras de asbesto de mayor longitud y alta calidad. Tiene un alto coeficiente de friccion (FF), y una alt\u00edsima durabilidad por su resistencia al desgaste. Provee frenadas suaves y efectivas en condiciones severas de uso, recomendada oara transporte p\u00fablico. AA-1539 \/ FC Material moldeado que contiene&hellip; <br \/> <a class=\"read-more\" href=\"http:\/\/friccion-bo.com\/en\/productos\/pastillas-de-freno\/\">Read more<\/a><\/p>","protected":false},"author":1,"featured_media":0,"parent":25,"menu_order":0,"comment_status":"closed","ping_status":"closed","template":"","meta":{"footnotes":""},"class_list":["post-192","page","type-page","status-publish","hentry"],"_links":{"self":[{"href":"http:\/\/friccion-bo.com\/en\/wp-json\/wp\/v2\/pages\/192"}],"collection":[{"href":"http:\/\/friccion-bo.com\/en\/wp-json\/wp\/v2\/pages"}],"about":[{"href":"http:\/\/friccion-bo.com\/en\/wp-json\/wp\/v2\/types\/page"}],"author":[{"embeddable":true,"href":"http:\/\/friccion-bo.com\/en\/wp-json\/wp\/v2\/users\/1"}],"replies":[{"embeddable":true,"href":"http:\/\/friccion-bo.com\/en\/wp-json\/wp\/v2\/comments?post=192"}],"version-history":[{"count":0,"href":"http:\/\/friccion-bo.com\/en\/wp-json\/wp\/v2\/pages\/192\/revisions"}],"up":[{"embeddable":true,"href":"http:\/\/friccion-bo.com\/en\/wp-json\/wp\/v2\/pages\/25"}],"wp:attachment":[{"href":"http:\/\/friccion-bo.com\/en\/wp-json\/wp\/v2\/media?parent=192"}],"curies":[{"name":"wp","href":"https:\/\/api.w.org\/{rel}","templated":true}]}}