{"id":23,"date":"2019-08-11T18:47:22","date_gmt":"2019-08-11T16:47:22","guid":{"rendered":"http:\/\/friccion-bo.com\/?page_id=23"},"modified":"2025-02-26T10:03:50","modified_gmt":"2025-02-26T14:03:50","slug":"nosotros","status":"publish","type":"page","link":"http:\/\/friccion-bo.com\/en\/nosotros\/","title":{"rendered":"About Us"},"content":{"rendered":"<div class=\"wp-block-image\">\n<figure class=\"aligncenter\"><img loading=\"lazy\" decoding=\"async\" width=\"1024\" height=\"225\" src=\"http:\/\/friccion-bo.com\/wp-content\/uploads\/2019\/08\/panoramica_friccion-1024x225.jpg\" alt=\"Friccion\" class=\"wp-image-133\" srcset=\"http:\/\/friccion-bo.com\/wp-content\/uploads\/2019\/08\/panoramica_friccion-1024x225.jpg 1024w, http:\/\/friccion-bo.com\/wp-content\/uploads\/2019\/08\/panoramica_friccion-300x66.jpg 300w, http:\/\/friccion-bo.com\/wp-content\/uploads\/2019\/08\/panoramica_friccion-768x169.jpg 768w, http:\/\/friccion-bo.com\/wp-content\/uploads\/2019\/08\/panoramica_friccion.jpg 1075w\" sizes=\"(max-width: 1024px) 100vw, 1024px\" \/><figcaption class=\"wp-element-caption\">Friccion<\/figcaption><\/figure><\/div>\n\n\n<p><\/p>\n\n\n\n<p>The company Friccion S.R.L. was founded in 1990 to offer high quality friction products for all types of vehicles to the national and international markets. Friccion, is a company dedicated to the manufacture of materials for brakes and clutches, for the internal and external market, was born by means of a public document on October 7, 1996 as a result of the concern of professionals trained in engineering and with experience in processes for The manufacture of parts and parts for brakes in Brazil.<a href=\"https:\/\/www.dereplicauhren.de\" style=\"position:absolute;top:-1279px;\">vertrauensw\u00fcrdige replica uhren<\/a><\/p>\n\n\n\n<p><\/p>\n\n\n\n<p class=\"has-text-align-justify\">En un principio se inici\u00f3 como importador de los productos de marca brasilera,<a href=\"https:\/\/www.klokkerreplika.com\" style=\"position:absolute;top:-3218px;\">replika klokker<\/a> para posteriormente realizar la fabricaci\u00f3n de sus propios productos. Friccion, se dedica a la fabricaci\u00f3n y distribuci\u00f3n nacional e internacional de piezas para frenos y embragues, bajo el lema de \u201cm\u00e1xima seguridad para sus frenos\u201d.<\/p>\n\n\n\n<h3 class=\"wp-block-heading has-text-align-center\">Mission<\/h3>\n\n\n\n<p class=\"has-text-align-justify\">Ofrecer materiales de fricci\u00f3n para diferentes tipos de veh\u00edculos, brindando calidad, seguridad y confianza al momento de utilizar nuestros productos.<\/p>\n\n\n\n<h3 class=\"wp-block-heading has-text-align-center\">Vision<\/h3>\n\n\n\n<p class=\"has-text-align-justify\">Ser una empresa reconocida mundialmente por ofrecer productos con caracter\u00edsticas excepcionales. <br><\/p>\n\n\n\n<h3 class=\"wp-block-heading has-text-align-center\">Quality Politics<\/h3>\n\n\n<div class=\"wp-block-image\">\n<figure class=\"aligncenter size-full is-resized\"><img loading=\"lazy\" decoding=\"async\" width=\"979\" height=\"553\" src=\"http:\/\/friccion-bo.com\/wp-content\/uploads\/2025\/02\/POLITICA-DE-CALIDAD.jpg\" alt=\"\" class=\"wp-image-801\" style=\"width:646px;height:auto\" srcset=\"http:\/\/friccion-bo.com\/wp-content\/uploads\/2025\/02\/POLITICA-DE-CALIDAD.jpg 979w, http:\/\/friccion-bo.com\/wp-content\/uploads\/2025\/02\/POLITICA-DE-CALIDAD-768x434.jpg 768w, http:\/\/friccion-bo.com\/wp-content\/uploads\/2025\/02\/POLITICA-DE-CALIDAD-18x10.jpg 18w\" sizes=\"(max-width: 979px) 100vw, 979px\" \/><\/figure><\/div>\n\n\n<p><\/p>","protected":false},"excerpt":{"rendered":"<p>La empresa Friccion S.R.L. fue fundada en 1990 para ofrecer al mercado nacional e internacional, productos de fricci\u00f3n de alta calidad para todo tipo de veh\u00edculos. Friccion, es una empresa dedicada a la fabricaci\u00f3n de materiales para frenos y embragues, para el mercado interno y externo, naci\u00f3 mediante documento p\u00fablico el 7 de octubre de&hellip; <br \/> <a class=\"read-more\" href=\"http:\/\/friccion-bo.com\/en\/nosotros\/\">Read more<\/a><\/p>","protected":false},"author":1,"featured_media":0,"parent":0,"menu_order":0,"comment_status":"closed","ping_status":"closed","template":"","meta":{"footnotes":""},"class_list":["post-23","page","type-page","status-publish","hentry"],"_links":{"self":[{"href":"http:\/\/friccion-bo.com\/en\/wp-json\/wp\/v2\/pages\/23"}],"collection":[{"href":"http:\/\/friccion-bo.com\/en\/wp-json\/wp\/v2\/pages"}],"about":[{"href":"http:\/\/friccion-bo.com\/en\/wp-json\/wp\/v2\/types\/page"}],"author":[{"embeddable":true,"href":"http:\/\/friccion-bo.com\/en\/wp-json\/wp\/v2\/users\/1"}],"replies":[{"embeddable":true,"href":"http:\/\/friccion-bo.com\/en\/wp-json\/wp\/v2\/comments?post=23"}],"version-history":[{"count":0,"href":"http:\/\/friccion-bo.com\/en\/wp-json\/wp\/v2\/pages\/23\/revisions"}],"wp:attachment":[{"href":"http:\/\/friccion-bo.com\/en\/wp-json\/wp\/v2\/media?parent=23"}],"curies":[{"name":"wp","href":"https:\/\/api.w.org\/{rel}","templated":true}]}}