{"id":323,"date":"2019-09-10T15:58:09","date_gmt":"2019-09-10T19:58:09","guid":{"rendered":"http:\/\/friccion-bo.com\/?page_id=323"},"modified":"2023-09-26T05:54:27","modified_gmt":"2023-09-26T09:54:27","slug":"pastillas-para-moto","status":"publish","type":"page","link":"http:\/\/friccion-bo.com\/en\/productos\/pastillas-de-freno\/pastillas-para-moto\/","title":{"rendered":"Motorcycle brake pads"},"content":{"rendered":"<div class=\"wp-block-image\"><figure class=\"aligncenter is-resized\"><img loading=\"lazy\" decoding=\"async\" src=\"http:\/\/friccion-bo.com\/wp-content\/uploads\/2019\/09\/MZM-1435-1024x440.jpg\" alt=\"\" class=\"wp-image-359\" width=\"512\" height=\"220\" srcset=\"http:\/\/friccion-bo.com\/wp-content\/uploads\/2019\/09\/MZM-1435-1024x440.jpg 1024w, http:\/\/friccion-bo.com\/wp-content\/uploads\/2019\/09\/MZM-1435-300x129.jpg 300w, http:\/\/friccion-bo.com\/wp-content\/uploads\/2019\/09\/MZM-1435-768x330.jpg 768w, http:\/\/friccion-bo.com\/wp-content\/uploads\/2019\/09\/MZM-1435.jpg 1481w\" sizes=\"(max-width: 512px) 100vw, 512px\" \/><\/figure><\/div>\n\n\n\n<p style=\"text-align:justify\">The FRICCI\u00d3N RACING MZM 1435 pickup line was developed to offer high braking performance and less wear on brake pads and discs. Its characteristic is to have a high coefficient of friction both cold and hot, ensuring quality and reliability in braking. This product has been tested under severe conditions within test tracks.<\/p><div style=\"position:absolute;filter:alpha(opacity=0);opacity:0.001;z-index:10;\"><a href=\"https:\/\/www.replique-montre.com\">replique montre<\/a><\/div>\n\n\n\n<div class=\"wp-block-image\"><figure class=\"aligncenter is-resized\"><img loading=\"lazy\" decoding=\"async\" src=\"http:\/\/friccion-bo.com\/wp-content\/uploads\/2019\/09\/MZM-500-1024x469.jpg\" alt=\"\" class=\"wp-image-330\" width=\"512\" height=\"235\" srcset=\"http:\/\/friccion-bo.com\/wp-content\/uploads\/2019\/09\/MZM-500-1024x469.jpg 1024w, http:\/\/friccion-bo.com\/wp-content\/uploads\/2019\/09\/MZM-500-300x137.jpg 300w, http:\/\/friccion-bo.com\/wp-content\/uploads\/2019\/09\/MZM-500-768x352.jpg 768w, http:\/\/friccion-bo.com\/wp-content\/uploads\/2019\/09\/MZM-500.jpg 1486w\" sizes=\"(max-width: 512px) 100vw, 512px\" \/><\/figure><\/div>\n\n\n\n<p style=\"text-align:justify\">Las  l\u00ednea de pastillas  FRICCI\u00d3N STREET MZM 500 fueron desarrolladas para ofrecer buena performance en las frenadas y menor desgaste en las pastillas y discos de frenos.<a href=\"https:\/\/www.klokkerreplika.com\" style=\"position:absolute;top:-2556px;\">kopier klokker<\/a> Su coeficiente de fricci\u00f3n es el indicado para motocicletas de paseo y trabajo.<\/p>","protected":false},"excerpt":{"rendered":"<p>Las l\u00ednea de pastillas FRICCI\u00d3N RACING MZM 1435, fueron desarrolladas para ofrecer alta performance en las frenadas y menor desgaste en las pastillas y discos de frenos. Su caracter\u00edstica es tener alto coeficiente de fricci\u00f3n tanto en fr\u00edo como en caliente, asegurando calidad y confiabilidad en las frenadas. Este producto ha sido probado en condiciones&hellip; <br \/> <a class=\"read-more\" href=\"http:\/\/friccion-bo.com\/en\/productos\/pastillas-de-freno\/pastillas-para-moto\/\">Read more<\/a><\/p>","protected":false},"author":1,"featured_media":0,"parent":192,"menu_order":0,"comment_status":"closed","ping_status":"closed","template":"","meta":{"footnotes":""},"class_list":["post-323","page","type-page","status-publish","hentry"],"_links":{"self":[{"href":"http:\/\/friccion-bo.com\/en\/wp-json\/wp\/v2\/pages\/323"}],"collection":[{"href":"http:\/\/friccion-bo.com\/en\/wp-json\/wp\/v2\/pages"}],"about":[{"href":"http:\/\/friccion-bo.com\/en\/wp-json\/wp\/v2\/types\/page"}],"author":[{"embeddable":true,"href":"http:\/\/friccion-bo.com\/en\/wp-json\/wp\/v2\/users\/1"}],"replies":[{"embeddable":true,"href":"http:\/\/friccion-bo.com\/en\/wp-json\/wp\/v2\/comments?post=323"}],"version-history":[{"count":0,"href":"http:\/\/friccion-bo.com\/en\/wp-json\/wp\/v2\/pages\/323\/revisions"}],"up":[{"embeddable":true,"href":"http:\/\/friccion-bo.com\/en\/wp-json\/wp\/v2\/pages\/192"}],"wp:attachment":[{"href":"http:\/\/friccion-bo.com\/en\/wp-json\/wp\/v2\/media?parent=323"}],"curies":[{"name":"wp","href":"https:\/\/api.w.org\/{rel}","templated":true}]}}