{"id":180,"date":"2019-08-17T11:34:16","date_gmt":"2019-08-17T15:34:16","guid":{"rendered":"http:\/\/friccion-bo.com\/?page_id=180"},"modified":"2025-08-07T12:10:32","modified_gmt":"2025-08-07T16:10:32","slug":"balatas-en-bloque","status":"publish","type":"page","link":"http:\/\/friccion-bo.com\/es_es\/productos\/balatas-en-bloque\/","title":{"rendered":"Balatas en bloque"},"content":{"rendered":"<div class=\"wp-block-image\">\n<figure class=\"aligncenter is-resized\"><img loading=\"lazy\" decoding=\"async\" width=\"900\" height=\"519\" src=\"http:\/\/friccion-bo.com\/wp-content\/uploads\/2019\/08\/bloque.png\" alt=\"Balatas en Bloque\" class=\"wp-image-174\" style=\"width:500px;height:389px\" srcset=\"http:\/\/friccion-bo.com\/wp-content\/uploads\/2019\/08\/bloque.png 900w, http:\/\/friccion-bo.com\/wp-content\/uploads\/2019\/08\/bloque-300x173.png 300w, http:\/\/friccion-bo.com\/wp-content\/uploads\/2019\/08\/bloque-768x443.png 768w\" sizes=\"(max-width: 900px) 100vw, 900px\" \/><figcaption class=\"wp-element-caption\">Balatas en Bloque<\/figcaption><\/figure><\/div>\n\n\n<h2 class=\"wp-block-heading has-text-align-center\">CON ASBESTO<\/h2>\n\n\n\n<h3 class=\"wp-block-heading\">BB-AA-1764<\/h3>\n\n\n\n<p>Material moldeado que contiene asbesto, con alto porcentaje de part\u00edculas de bronce que disipan el calor y evitan la cristalizaci\u00f3n. Su tipo de formulaci\u00f3n permite un eficiente frenado con un coeficiente de fricci\u00f3n (F-F), buena estabilidad dimensional. Recomendado en camiones, buses y remolques.<\/p>\n\n\n\n<h3 class=\"wp-block-heading\">BB-AA-1765<\/h3>\n\n\n\n<p>\n  Material moldeado r\u00edgido que contiene asbesto, ofrece buen frenado, con un coeficiente fricci\u00f3n (F-F), buena estabilidad dimensional. Es aplicable a veh\u00edculos pesados.\n<\/p>\n\n\n\n<h2 class=\"wp-block-heading has-text-align-center\">SIN ASBESTO<\/h2>\n\n\n\n<h3 class=\"wp-block-heading\">BB-NA-7778 \/ SUPER PREMIUM<\/h3>\n\n\n\n<p>Material moldeado que contiene fibra de vidrio, materiales cer\u00e1micos reforzados con fibras aramida y resina modificada resistentes a altas temperaturas. Recomendado para trabajos de altas exigencias. Esta formulaci\u00f3n permite un alto coeficiente de fricci\u00f3n (F-G) permitiendo as\u00ed su uso para alta performance, obteniendo adem\u00e1s un frenado seguro, suave y muy efectivo.<\/p>\n\n\n\n<h3 class=\"wp-block-heading\">BB-NA-7777 \/ PREMIUM<\/h3>\n\n\n\n<p class=\"has-text-align-justify\">Material moldeado que contiene fibra de vidrio, materiales cer\u00e1micos y resinas resistentes a altas temperaturas. Su tipo de formulaci\u00f3n permite un alto coeficiente de fricci\u00f3n (F-F). Es un material para alta performance, provee un frenado seguro, suave y efectivo.Recomendado para veh\u00edculos pesados de altas exigencias.<\/p>\n\n\n\n<h3 class=\"wp-block-heading\">BB-NA-7776 \/ INTERMEDIA<\/h3>\n\n\n\n<p class=\"has-text-align-justify\">Material moldeado r\u00edgido sin asbesto de alto rendimiento al desgaste y frenado. Tiene un coeficiente de fricci\u00f3n (F-F), buena estabilidad a alta temperatura. Recomendado para veh\u00edculos pesados.<\/p>\n\n\n\n<h3 class=\"wp-block-heading\">BB-NA-7775 \/ STANDART<\/h3>\n\n\n\n<p class=\"has-text-align-justify\">\nMaterial moldeado que contiene fibra de vidrio y aramida. Tiene un coeficiente de fricci\u00f3n (F-F), y mantiene una curva de desgaste estable, permitiendo mayor durabilidad. Su tipo de formulaci\u00f3n genera un frenado suave \u2013 uniforme garantizando confort al conductor. Recomendado para veh\u00edculos pesados y acoplados.\n<\/p>\n","protected":false},"excerpt":{"rendered":"<p>CON ASBESTO BB-AA-1764 Material moldeado que contiene asbesto, con alto porcentaje de part\u00edculas de bronce que disipan el calor y evitan la cristalizaci\u00f3n. Su tipo de formulaci\u00f3n permite un eficiente frenado con un coeficiente de fricci\u00f3n (F-F), buena estabilidad dimensional. Recomendado en camiones, buses y remolques. BB-AA-1765 Material moldeado r\u00edgido que contiene asbesto, ofrece buen&hellip; <br \/> <a class=\"read-more\" href=\"http:\/\/friccion-bo.com\/es_es\/productos\/balatas-en-bloque\/\">Leer m\u00e1s<\/a><\/p>\n","protected":false},"author":1,"featured_media":0,"parent":25,"menu_order":0,"comment_status":"closed","ping_status":"closed","template":"","meta":{"footnotes":""},"class_list":["post-180","page","type-page","status-publish","hentry"],"_links":{"self":[{"href":"http:\/\/friccion-bo.com\/es_es\/wp-json\/wp\/v2\/pages\/180"}],"collection":[{"href":"http:\/\/friccion-bo.com\/es_es\/wp-json\/wp\/v2\/pages"}],"about":[{"href":"http:\/\/friccion-bo.com\/es_es\/wp-json\/wp\/v2\/types\/page"}],"author":[{"embeddable":true,"href":"http:\/\/friccion-bo.com\/es_es\/wp-json\/wp\/v2\/users\/1"}],"replies":[{"embeddable":true,"href":"http:\/\/friccion-bo.com\/es_es\/wp-json\/wp\/v2\/comments?post=180"}],"version-history":[{"count":18,"href":"http:\/\/friccion-bo.com\/es_es\/wp-json\/wp\/v2\/pages\/180\/revisions"}],"predecessor-version":[{"id":840,"href":"http:\/\/friccion-bo.com\/es_es\/wp-json\/wp\/v2\/pages\/180\/revisions\/840"}],"up":[{"embeddable":true,"href":"http:\/\/friccion-bo.com\/es_es\/wp-json\/wp\/v2\/pages\/25"}],"wp:attachment":[{"href":"http:\/\/friccion-bo.com\/es_es\/wp-json\/wp\/v2\/media?parent=180"}],"curies":[{"name":"wp","href":"https:\/\/api.w.org\/{rel}","templated":true}]}}