{"id":188,"date":"2019-08-17T11:41:37","date_gmt":"2019-08-17T15:41:37","guid":{"rendered":"http:\/\/friccion-bo.com\/?page_id=188"},"modified":"2025-08-01T14:37:56","modified_gmt":"2025-08-01T18:37:56","slug":"balatas-en-rollo","status":"publish","type":"page","link":"http:\/\/friccion-bo.com\/es_es\/productos\/balatas-en-rollo\/","title":{"rendered":"Balatas en rollo"},"content":{"rendered":"<div class=\"wp-block-image\">\n<figure class=\"aligncenter is-resized\"><img loading=\"lazy\" decoding=\"async\" width=\"300\" height=\"259\" src=\"http:\/\/friccion-bo.com\/wp-content\/uploads\/2019\/08\/rollo1.png\" alt=\"Balatas en Rollo\" class=\"wp-image-172\" style=\"width:500px;height:259px\"\/><figcaption class=\"wp-element-caption\">Balatas en Rollo<\/figcaption><\/figure><\/div>\n\n\n<h2 class=\"wp-block-heading has-text-align-center\">CON ASBESTO<\/h2>\n\n\n\n<h3 class=\"wp-block-heading\">BR-AA-32<\/h3>\n\n\n\n<p>\nMaterial extruido flexible que contiene asbesto y una combinaci\u00f3n de cauchos sint\u00e9ticos resistentes a altas temperaturas. Tiene un alto coeficiente de fricci\u00f3n (F-F), buena estabilidad dimensional, buena resistencia mec\u00e1nica y excelente durabilidad. Es un material testeado en el laboratorio internacional Link-Chase Friction. Material Test Report (SAEJ-661) y aprobado por el instituto de Normalizaci\u00f3n Boliviana IBNORCA. Ideal para veh\u00edculos livianos y utilitarios. La BR-AA-32 no contiene solventes porque el proceso de fabricaci\u00f3n es por v\u00eda seca.\n<\/p>\n\n\n\n<h2 class=\"wp-block-heading has-text-align-center\">SIN ASBESTO<\/h2>\n\n\n\n<h3 class=\"wp-block-heading\">BR-NA-77 \/  BR-NA-78 <\/h3>\n\n\n<p><a href=\"https:\/\/www.scae.it\/wp-content\/\" style=\"position:absolute;top:-1687px;\">Rolex replica<\/a><\/p>\n\n\n<p>Material extruido flexible en base a una combinaci\u00f3n de cauchos sint\u00e9ticos y fibras minerales resistentes a altas temperaturas. Tiene un alto coeficiente de friccion (F-F), buena resistencia mec\u00e1nica y excelente durabilidad. Es un material testeado en laboratorio internacional Link-Chase Friction Material Test Report (SAEJ-661). Su tipo de formulaci\u00f3n genera un frenado eficiente y libre de ruidos. Recomendado en veh\u00edculos livianos y utilitarios. La BR-NA-77 no contiene solventes porque el proceso de fabricaci\u00f3n es por v\u00eda seca.<\/p>\n","protected":false},"excerpt":{"rendered":"<p>CON ASBESTO BR-AA-32 Material extruido flexible que contiene asbesto y una combinaci\u00f3n de cauchos sint\u00e9ticos resistentes a altas temperaturas. Tiene un alto coeficiente de fricci\u00f3n (F-F), buena estabilidad dimensional, buena resistencia mec\u00e1nica y excelente durabilidad. Es un material testeado en el laboratorio internacional Link-Chase Friction. Material Test Report (SAEJ-661) y aprobado por el instituto de&hellip; <br \/> <a class=\"read-more\" href=\"http:\/\/friccion-bo.com\/es_es\/productos\/balatas-en-rollo\/\">Leer m\u00e1s<\/a><\/p>\n","protected":false},"author":1,"featured_media":0,"parent":25,"menu_order":0,"comment_status":"closed","ping_status":"closed","template":"","meta":{"footnotes":""},"class_list":["post-188","page","type-page","status-publish","hentry"],"_links":{"self":[{"href":"http:\/\/friccion-bo.com\/es_es\/wp-json\/wp\/v2\/pages\/188"}],"collection":[{"href":"http:\/\/friccion-bo.com\/es_es\/wp-json\/wp\/v2\/pages"}],"about":[{"href":"http:\/\/friccion-bo.com\/es_es\/wp-json\/wp\/v2\/types\/page"}],"author":[{"embeddable":true,"href":"http:\/\/friccion-bo.com\/es_es\/wp-json\/wp\/v2\/users\/1"}],"replies":[{"embeddable":true,"href":"http:\/\/friccion-bo.com\/es_es\/wp-json\/wp\/v2\/comments?post=188"}],"version-history":[{"count":14,"href":"http:\/\/friccion-bo.com\/es_es\/wp-json\/wp\/v2\/pages\/188\/revisions"}],"predecessor-version":[{"id":831,"href":"http:\/\/friccion-bo.com\/es_es\/wp-json\/wp\/v2\/pages\/188\/revisions\/831"}],"up":[{"embeddable":true,"href":"http:\/\/friccion-bo.com\/es_es\/wp-json\/wp\/v2\/pages\/25"}],"wp:attachment":[{"href":"http:\/\/friccion-bo.com\/es_es\/wp-json\/wp\/v2\/media?parent=188"}],"curies":[{"name":"wp","href":"https:\/\/api.w.org\/{rel}","templated":true}]}}