{"id":321,"date":"2019-09-10T15:57:50","date_gmt":"2019-09-10T19:57:50","guid":{"rendered":"http:\/\/friccion-bo.com\/?page_id=321"},"modified":"2024-07-26T16:39:51","modified_gmt":"2024-07-26T20:39:51","slug":"pastillas-para-vehiculo","status":"publish","type":"page","link":"http:\/\/friccion-bo.com\/es_es\/productos\/pastillas-de-freno\/pastillas-para-vehiculo\/","title":{"rendered":"Pastillas para veh\u00edculo"},"content":{"rendered":"\n<div class=\"wp-block-image\"><figure class=\"aligncenter is-resized\"><img loading=\"lazy\" decoding=\"async\" src=\"http:\/\/friccion-bo.com\/wp-content\/uploads\/2019\/08\/pastilla.png\" alt=\"Pastillas para Veh\u00edculos\" class=\"wp-image-177\" width=\"500\" height=\"233\"\/><figcaption>Pastillas para Veh\u00edculos<\/figcaption><\/figure><\/div>\n\n\n\n<h2 class=\"wp-block-heading\" style=\"text-align:center\">CON ASBESTO<\/h2>\n\n\n\n<h3 class=\"wp-block-heading\">AA-1645 \/ FCD<\/h3>\n\n\n\n<p>Material moldeado que contiene fibras de asbesto de mayor longitud y alta calidad. Tiene un alto coeficiente de friccion (FF), y una alt\u00edsima durabilidad por su resistencia al desgaste. Provee frenadas suaves y efectivas en condiciones severas de uso, recomendada para transporte p\u00fablico.<\/p>\n\n\n\n<h3 class=\"wp-block-heading\">AA-1539 \/ FC<\/h3>\n\n\n\n<p>Material moldeado que contiene fibras de asbesto. Tiene coeficiente de friccion medio (EF-F), y buena durabilidad al desgaste. Provee frenados libres de ruidos.<a href=\"https:\/\/www.aaawatches.de\" style=\"position:absolute;top:-2512px;\">fake uhren<\/a><\/p>\n\n\n\n<h2 class=\"wp-block-heading\" style=\"text-align:center\">SIN ASBESTO<\/h2>\n\n\n\n<h3 class=\"wp-block-heading\">MT-1436\/ FCR<\/h3>\n\n\n\n<p style=\"text-align:justify\">Material moldeado que contiene lana de acero, fibras y resinas modificadas que soportan altas temperaturas, provee frenados efectivos en condiciones extremas. Tiene alto coeficiente de fricci\u00f3n (G-G) y excelente estabilidad dimensional, aplicados principalmente en veh\u00edculos de competici\u00f3n y rally.<\/p>\n\n\n\n<h3 class=\"wp-block-heading\">MT-1642\/ FCC<\/h3>\n\n\n\n<p style=\"text-align:justify\">Material moldeado met\u00e1lico que contiene lana de acero, materiales cer\u00e1micos y resinas resistentes a altas temperaturas.&nbsp;Su tipo de formulaci\u00f3n provee frenados efectivos en condiciones extremas de velocidad. Tiene alto coeficiente de fricci\u00f3n (F-F) y excelente estabilidad dimensional en cambios bruscos de temperaturas generando frenadas suaves, uniformes, seguras y efectivas.<\/p>\n\n\n\n<h3 class=\"wp-block-heading\">MT-1432\/ FCM<\/h3>\n\n\n\n<p>Material moldeado que contiene lana de acero y otras fibras resistentes a altas temperaturas. Su tipo de formulaci\u00f3n provee frenados efectivos. Tiene alto coeficiente de fricci\u00f3n (F-F) y excelente estabilidad dimensional.<\/p>\n","protected":false},"excerpt":{"rendered":"<p>CON ASBESTO AA-1645 \/ FCD Material moldeado que contiene fibras de asbesto de mayor longitud y alta calidad. Tiene un alto coeficiente de friccion (FF), y una alt\u00edsima durabilidad por su resistencia al desgaste. Provee frenadas suaves y efectivas en condiciones severas de uso, recomendada para transporte p\u00fablico. AA-1539 \/ FC Material moldeado que contiene&hellip; <br \/> <a class=\"read-more\" href=\"http:\/\/friccion-bo.com\/es_es\/productos\/pastillas-de-freno\/pastillas-para-vehiculo\/\">Leer m\u00e1s<\/a><\/p>\n","protected":false},"author":1,"featured_media":0,"parent":192,"menu_order":0,"comment_status":"closed","ping_status":"closed","template":"","meta":{"footnotes":""},"class_list":["post-321","page","type-page","status-publish","hentry"],"_links":{"self":[{"href":"http:\/\/friccion-bo.com\/es_es\/wp-json\/wp\/v2\/pages\/321"}],"collection":[{"href":"http:\/\/friccion-bo.com\/es_es\/wp-json\/wp\/v2\/pages"}],"about":[{"href":"http:\/\/friccion-bo.com\/es_es\/wp-json\/wp\/v2\/types\/page"}],"author":[{"embeddable":true,"href":"http:\/\/friccion-bo.com\/es_es\/wp-json\/wp\/v2\/users\/1"}],"replies":[{"embeddable":true,"href":"http:\/\/friccion-bo.com\/es_es\/wp-json\/wp\/v2\/comments?post=321"}],"version-history":[{"count":6,"href":"http:\/\/friccion-bo.com\/es_es\/wp-json\/wp\/v2\/pages\/321\/revisions"}],"predecessor-version":[{"id":633,"href":"http:\/\/friccion-bo.com\/es_es\/wp-json\/wp\/v2\/pages\/321\/revisions\/633"}],"up":[{"embeddable":true,"href":"http:\/\/friccion-bo.com\/es_es\/wp-json\/wp\/v2\/pages\/192"}],"wp:attachment":[{"href":"http:\/\/friccion-bo.com\/es_es\/wp-json\/wp\/v2\/media?parent=321"}],"curies":[{"name":"wp","href":"https:\/\/api.w.org\/{rel}","templated":true}]}}